{"id":565,"date":"2020-08-05T18:43:43","date_gmt":"2020-08-05T16:43:43","guid":{"rendered":"http:\/\/www.joanamundana.com\/?page_id=565"},"modified":"2026-03-18T00:21:05","modified_gmt":"2026-03-17T23:21:05","slug":"contacto","status":"publish","type":"page","link":"https:\/\/www.joanamundana.com\/en\/contact\/","title":{"rendered":"Contacto"},"content":{"rendered":"<p>Portuguese illustrator leading a life between Caldas da Rainha and Porto, Portugal. Female maker and artist inspired mostly by the beauty of the daily life and the common things. Illustrations on the mundane, the daily life and the beauty of the common things. Joana Mundana illustration portfolio. Ilustracoes sobre o mundano, o quotidiano e o comum. Joana mundana portfolio de ilustracao. portuguese artist working in oporto, caldas da rainha and lisbon. artista portuguesa baseada em porto, caldas da rainha e lisboa.<\/p>\n\n\n\n<p>ilustracao,illustration,illustrator,portugal,portuguese,artist,lisboa,lisbon,porto,oporto,caldas da rainha,joana,joana mundana,joana mundana ilustracao,ilustradora portuguesa,female artist,artista portuguesa,ilustra\u00e7\u00f5es por encomenda, encomenda ilustra\u00e7\u00f5es, arte digital, joana mundana, joana mundana ilustra\u00e7\u00e3o, ilustradora portuguesa, ilustradora porto, ilustradora lisboa, art<\/p>\n\n\n\n<p>ilustracao,illustration,illustrator,portugal,portuguese,artist,lisboa,lisbon,porto,oporto,caldas da rainha,joana,joana mundana,joana mundana ilustracao,ilustradora portuguesa,female artist,artista portuguesa,ilustra\u00e7\u00f5es por encomenda, encomenda ilustra\u00e7\u00f5es, arte digital, joana mundana, joana mundana ilustra\u00e7\u00e3o, ilustradora portuguesa, ilustradora porto, ilustradora lisboa, art<\/p>\n\n\n\n<p>My personal work is mostly inspired by the mundane, the daily life and the beauty of the common things. I say \u201cmundane\u201d in the sense that I tend to explore ideas and metaphors around scenes taken from the earthly life. Some are joyful, others are sad\u2026 Some more thoughtful, deeper, others more basic and immediate. Just like life itself.<\/p>\n\n\n\n<p>Portuguese illustrator leading a life between Caldas da Rainha and Porto, Portugal. Female maker and artist inspired mostly by the beauty of the daily life and the common things. Illustrations on the mundane, the daily life and the beauty of the common things. Joana Mundana illustration portfolio. Ilustracoes sobre o mundano, o quotidiano e o comum. Joana mundana portfolio de ilustracao. portuguese artist working in oporto, caldas da rainha and lisbon. artista portuguesa baseada em porto, caldas da rainha e lisboa.<\/p>","protected":false},"excerpt":{"rendered":"<p>Portuguese illustrator leading a life between Caldas da Rainha and Porto, Portugal. Female maker and artist inspired mostly by the beauty of the daily life and the common things. Illustrations on the mundane, the daily life and the beauty of the common things. Joana Mundana illustration portfolio. Ilustracoes sobre o mundano, o quotidiano e o [&hellip;]<\/p>","protected":false},"author":1,"featured_media":0,"parent":0,"menu_order":0,"comment_status":"closed","ping_status":"closed","template":"","meta":{"_seopress_robots_primary_cat":"","_seopress_titles_title":"Contacto | Joana Mundana - Artist and Illustrator","_seopress_titles_desc":"Colabora\u00e7\u00f5es, projectos, encomendas, illustra\u00e7\u00e3o personalizada | hello@joanamundana.com | Joana Mundana - Ilustra\u00e7\u00e3o","_seopress_robots_index":"","footnotes":""},"class_list":["post-565","page","type-page","status-publish"],"_links":{"self":[{"href":"https:\/\/www.joanamundana.com\/en\/wp-json\/wp\/v2\/pages\/565"}],"collection":[{"href":"https:\/\/www.joanamundana.com\/en\/wp-json\/wp\/v2\/pages"}],"about":[{"href":"https:\/\/www.joanamundana.com\/en\/wp-json\/wp\/v2\/types\/page"}],"author":[{"embeddable":true,"href":"https:\/\/www.joanamundana.com\/en\/wp-json\/wp\/v2\/users\/1"}],"replies":[{"embeddable":true,"href":"https:\/\/www.joanamundana.com\/en\/wp-json\/wp\/v2\/comments?post=565"}],"version-history":[{"count":9,"href":"https:\/\/www.joanamundana.com\/en\/wp-json\/wp\/v2\/pages\/565\/revisions"}],"predecessor-version":[{"id":986,"href":"https:\/\/www.joanamundana.com\/en\/wp-json\/wp\/v2\/pages\/565\/revisions\/986"}],"wp:attachment":[{"href":"https:\/\/www.joanamundana.com\/en\/wp-json\/wp\/v2\/media?parent=565"}],"curies":[{"name":"wp","href":"https:\/\/api.w.org\/{rel}","templated":true}]}}